{"id":33,"date":"2011-07-18T10:55:23","date_gmt":"2011-07-18T09:55:23","guid":{"rendered":"http:\/\/kirche-ostenfeld.de\/wordpress\/?page_id=33"},"modified":"2026-03-03T22:04:36","modified_gmt":"2026-03-03T21:04:36","slug":"angebote","status":"publish","type":"page","link":"https:\/\/kirche-ostenfeld.de\/wordpress\/angebote","title":{"rendered":"Angebote"},"content":{"rendered":"<p>Hier finden Sie unsere <span style=\"text-decoration: underline;\">regelm\u00e4\u00dfigen<\/span> Angebote. Gottesdienste, Konzerte und besondere Einzelveranstaltungen stehen nicht hier, sondern unter in der Men\u00fcleiste unter <em>Termine<\/em>.<\/p>\n<p>Unsere Angebote f\u00fcr Musik und Singen <a href=\"https:\/\/kirche-ostenfeld.de\/wordpress\/musik\">finden Sie hier<\/a>.<\/p>\n<p><strong><em>Essen in Gemeinschaft<\/em><\/strong><br \/>An jeden 2. Mittwoch im Monat treffen sich Menschen zu einem gemeinsamen Mittagessen. Termine sowie das Men\u00fc finden Sie hier unter <a href=\"https:\/\/kirche-ostenfeld.de\/wordpress\/termine-2\/weitere-termine\"><em>Termine<\/em><\/a>. Eine Anmeldung \u00fcber das Kirchenb\u00fcro ist erforderlich, Telefon 04845 \/ 348.<\/p>\n<p><strong><em>Fr\u00fchst\u00fcck 55+<br \/><\/em><\/strong>Alle zwei Monate wird ein Fr\u00fchst\u00fcck angeboten f\u00fcr Menschen ab 55 Jahre. Beginn ist um 9 Uhr, ab 8.30 Uhr ist der Gemeindesaal ge\u00f6ffnet (bitte nicht fr\u00fcher kommen!). Anmeldung \u00fcber das Kirchenb\u00fcro erforderlich! Die Termine finden Sie hier unter <a href=\"https:\/\/kirche-ostenfeld.de\/wordpress\/termine-2\/weitere-termine\"><em>Termine<\/em><\/a>. Ansprechpartnerin ist Anke Grund, Telefon 04845 \/ 7121.<\/p>\n<p><strong><em>Gemeindenachmittag<\/em><\/strong><br \/>Alle zwei Monate am ersten Mittwoch in den geraden Monaten, 15 Uhr im Gemeindesaal. Mit gemeinsamen Kaffeetrinken. Die Themen finden Sie hier unter <em>Termine<\/em>. Ansprechpartnerinnen sind Manuela Hinrichsen, Telefon 04845 \/ 1401, und Christiane Kock, Telefon 04845 \/ 790144. Anmeldungen \u00fcber das Kirchenb\u00fcro sind erforderlich.<\/p>\n<p><strong><em>Spielenachmittag<br \/><\/em><\/strong>Der offene Spielenachmittag findet jeweils am 3. Freitag im Monat um 14.30 Uhr im Gemeindehaus statt. Ansprechpartnerin ist Maria Gertz, Telefon 04845 \/ 7919186.<\/p>\n<p><strong><em>Handarbeitsgruppe<br \/><\/em><\/strong>Die Handarbeitsgruppe trifft sich in der Regel jeden 2. und 4,. Dienstag im Monat ab 14.30 Uhr im Gemeindehaus. Ansprechpartnerinnen sind Anke B\u00fcnger, Telefon 04845 \/ 7365, und Margrit Pippow, Telefon 04845 \/ 701306.<\/p>\n\n\n<p><strong><em>Angebot f\u00fcr Kinder und andere<\/em><\/strong><br>Montagnachmittag, 17:00-17:30 Uhr: <strong>Fl\u00f6ten<\/strong> f\u00fcr Kinder und andere Interessierte<br>Nachfragen gerne an Diakonin Irina Kosti\u0107 unter 0151 \/ 41224656<\/p>\n","protected":false},"excerpt":{"rendered":"<p>Hier finden Sie unsere regelm\u00e4\u00dfigen Angebote. Gottesdienste, Konzerte und besondere Einzelveranstaltungen stehen nicht hier, sondern unter in der Men\u00fcleiste unter Termine. Unsere Angebote f\u00fcr Musik und Singen finden Sie hier. Essen in GemeinschaftAn jeden 2. Mittwoch im Monat treffen sich &hellip; <a href=\"https:\/\/kirche-ostenfeld.de\/wordpress\/angebote\">Weiterlesen <span class=\"meta-nav\">&rarr;<\/span><\/a><\/p>\n","protected":false},"author":2,"featured_media":0,"parent":0,"menu_order":1,"comment_status":"closed","ping_status":"closed","template":"","meta":{"footnotes":""},"class_list":["post-33","page","type-page","status-publish","hentry"],"_links":{"self":[{"href":"https:\/\/kirche-ostenfeld.de\/wordpress\/wp-json\/wp\/v2\/pages\/33","targetHints":{"allow":["GET"]}}],"collection":[{"href":"https:\/\/kirche-ostenfeld.de\/wordpress\/wp-json\/wp\/v2\/pages"}],"about":[{"href":"https:\/\/kirche-ostenfeld.de\/wordpress\/wp-json\/wp\/v2\/types\/page"}],"author":[{"embeddable":true,"href":"https:\/\/kirche-ostenfeld.de\/wordpress\/wp-json\/wp\/v2\/users\/2"}],"replies":[{"embeddable":true,"href":"https:\/\/kirche-ostenfeld.de\/wordpress\/wp-json\/wp\/v2\/comments?post=33"}],"version-history":[{"count":54,"href":"https:\/\/kirche-ostenfeld.de\/wordpress\/wp-json\/wp\/v2\/pages\/33\/revisions"}],"predecessor-version":[{"id":6577,"href":"https:\/\/kirche-ostenfeld.de\/wordpress\/wp-json\/wp\/v2\/pages\/33\/revisions\/6577"}],"wp:attachment":[{"href":"https:\/\/kirche-ostenfeld.de\/wordpress\/wp-json\/wp\/v2\/media?parent=33"}],"curies":[{"name":"wp","href":"https:\/\/api.w.org\/{rel}","templated":true}]}}